{"id":227,"date":"2023-10-09T13:19:43","date_gmt":"2023-10-09T11:19:43","guid":{"rendered":"https:\/\/kamienica25.pl\/?page_id=227"},"modified":"2024-11-13T10:08:51","modified_gmt":"2024-11-13T09:08:51","slug":"footer","status":"publish","type":"page","link":"https:\/\/kamienica25.pl\/en\/footer\/","title":{"rendered":"Footer"},"content":{"rendered":"<div class=\"block-contact section  active\">\n    <div class=\"block-contact__inner\">\n        <div class=\"block-contact__image\">\n            <img decoding=\"async\" src=\"https:\/\/kamienica25.pl\/wp-content\/uploads\/2023\/11\/KONTAKT-02.11-1-scaled.jpg\" alt=\"KONTAKT\" \/>\n        <\/div>\n        <div class=\"block-contact__caption\">\n            <div class=\"block-contant__header\">\n                <div class=\"header-flex-container\">\n                                        <ul data-no-translation class=\"lang-switcher\">\n                                                                                        <li>\n                                        <a class=\"\" href=\"https:\/\/kamienica25.pl\/en\/wp-json\/wp\/v2\/pages\/227\">\n                                            <span>pl                                            <\/span>\n                                        <\/a>\n                                    <\/li>\n                                                                <li>\n                                        <a class=\"active\" href=\"https:\/\/kamienica25.pl\/en\/wp-json\/wp\/v2\/pages\/227\">\n                                            <span>en                                            <\/span>\n                                        <\/a>\n                                    <\/li>\n                                                                        <\/ul>\n                    <video id=\"js-sygnet-2\" class=\"sygnet\" autoplay muted playsinline>\n                        <source src=\"\/wp-content\/uploads\/2023\/08\/sygnet-hevc-safari.mp4\" type=\"video\/mp4; codecs=&quot;hvc1&quot;\">\n                        <source src=\"\/wp-content\/uploads\/2023\/08\/sygnet-vp9-chrome.webm\" type=\"video\/webm\">\n                    <\/video>\n                <\/div>\n            <\/div>\n\n            <div class=\"block-contact__content-wrapper\">\n                <h2 class=\"block-contact__title\">\n                    CONTACT                <\/h2>\n                <div class=\"block-contact__text\">\n                    <p>There are many places that can be yours,<br \/>\nbut only one where you belong<br \/>\n<a href=\"https:\/\/landing.kamienica25.pl\/en\/\" class=\"custom-button999\">CONTACT US<\/a><\/p>\n                <\/div>\n                <div class=\"block-contact__text-2\">\n                    <h2>Sales Office<\/h2>\n<p>Podwale 63, 50-010 Wroc\u0142aw \u2028<br \/>Opening hours 8:30 \u2013 16:30<br \/>\n<a href=\"mailto:biuro@9and7.com\">biuro@9and7.com<\/a><br \/>\n<a href=\"tel:797976999\">+48 79 79 76\u00a0999<\/a><\/p>\n<p>&nbsp;<\/p>\n<h2><br class='desktop-break'><br class='desktop-break'>Kamienica 25<\/h2>\n<p>Zygmunta Krasi\u0144skiego 25<br \/>\n50-415 Wroc\u0142aw<\/p>\n                    <div class=\"block-contact__link\">\n                        <a href=\"mailto:\"><\/a>\n                    <\/div>\n                    <div class=\"block-contact__link\">\n                        <a href=\"tel:\"><\/a>\n                    <\/div>\n                <\/div>\n            <\/div>\n        <\/div>\n    <\/div>\n    <div class=\"block-contact__bottom\">\n        <span>\n        @2023 KAMIENICA 25 &#8211; all rights reserved\n        <\/span>\n        <a href=\"https:\/\/kamienica25.pl\/wp-content\/uploads\/2023\/10\/Privacy-and-cookie-policy_eng.pdf\" target=\"_blank\">\n        Privacy policy\n        <\/a>\n        <span>\n        9AND7 Sp. z o.o. ul. Podwale 63, 50-010 Wroc\u0142aw\n        <\/span>\n        <span>\n        KRS: 0000703834\n        <\/span>\n        <span>\n        NIP: 8982238806\n        <\/span>\n        <a href=\"https:\/\/www.facebook.com\/KRASINSKIEGO25\" target=\"_blank\">\n        <svg width=\"16\" height=\"17\" viewbox=\"0 0 16 17\" fill=\"none\" xmlns=\"http:\/\/www.w3.org\/2000\/svg\">\n            <path d=\"M7.99987 16.0915C3.87614 16.0915 0.533203 12.7486 0.533203 8.62487C0.533203 4.50114 3.87614 1.1582 7.99987 1.1582C12.1236 1.1582 15.4665 4.50114 15.4665 8.62487C15.4665 12.7486 12.1236 16.0915 7.99987 16.0915ZM7.99987 16.0915V7.5582C7.99987 6.38 8.955 5.42487 10.1332 5.42487H10.6665M5.3332 9.69154H10.6665\" stroke=\"#F8F8F8\" stroke-width=\"0.5\"\/>\n        <\/svg>\n        <\/a>\n    <\/div>\n    <a href=\"#\" class=\"go-top\">\n        <svg width=\"48\" height=\"121\" viewbox=\"0 0 48 121\" fill=\"none\" xmlns=\"http:\/\/www.w3.org\/2000\/svg\">\n            <path d=\"M24.5684 1.5L1.00002 25.0344M24.5684 1.5L47.5684 25M24.5684 1.5L24.5684 121\" stroke=\"#F8F8F8\"\/>\n            <path d=\"M35.0684 80.5L31.0684 80.5\" stroke=\"#F8F8F8\"\/>\n            <path d=\"M17.9922 80.5L13.9922 80.5\" stroke=\"#F8F8F8\"\/>\n            <path d=\"M24.5684 87.0771L24.5684 90.0002\" stroke=\"#F8F8F8\"\/>\n            <path d=\"M24.5684 71L24.5684 73.9231\" stroke=\"#F8F8F8\"\/>\n            <circle cx=\"24.5693\" cy=\"80.4999\" r=\"6.80769\" transform=\"rotate(-180 24.5693 80.4999)\" fill=\"#F8F8F8\" stroke=\"#F8F8F8\"\/>\n            <path d=\"M35.0684 53.5L31.0486 53.502\" stroke=\"#F8F8F8\"\/>\n            <path d=\"M17.9922 53.5L13.9922 53.5\" stroke=\"#F8F8F8\"\/>\n            <path d=\"M24.5684 60.0771L24.5684 63.0002\" stroke=\"#F8F8F8\"\/>\n            <path d=\"M24.5684 44L24.5684 46.9231\" stroke=\"#F8F8F8\"\/>\n            <circle cx=\"24.5693\" cy=\"53.4999\" r=\"6.80769\" transform=\"rotate(-180 24.5693 53.4999)\" stroke=\"#F8F8F8\"\/>\n        <\/svg>\n    <\/a>\n<\/div>","protected":false},"excerpt":{"rendered":"","protected":false},"author":6,"featured_media":0,"parent":0,"menu_order":0,"comment_status":"closed","ping_status":"closed","template":"","meta":{"inline_featured_image":false,"footnotes":""},"class_list":["post-227","page","type-page","status-publish","hentry"],"acf":[],"yoast_head":"<!-- This site is optimized with the Yoast SEO plugin v25.5 - https:\/\/yoast.com\/wordpress\/plugins\/seo\/ -->\n<title>Footer - Kamienica 25<\/title>\n<meta name=\"robots\" content=\"index, follow, max-snippet:-1, max-image-preview:large, max-video-preview:-1\" \/>\n<link rel=\"canonical\" href=\"https:\/\/kamienica25.pl\/en\/footer\/\" \/>\n<meta property=\"og:locale\" content=\"en_US\" \/>\n<meta property=\"og:type\" content=\"article\" \/>\n<meta property=\"og:title\" content=\"Footer - Kamienica 25\" \/>\n<meta property=\"og:url\" content=\"https:\/\/kamienica25.pl\/en\/footer\/\" \/>\n<meta property=\"og:site_name\" content=\"Kamienica 25\" \/>\n<meta property=\"article:modified_time\" content=\"2024-11-13T09:08:51+00:00\" \/>\n<meta property=\"og:image\" content=\"https:\/\/kamienica25.pl\/wp-content\/uploads\/2023\/10\/ogg.png\" \/>\n\t<meta property=\"og:image:width\" content=\"1200\" \/>\n\t<meta property=\"og:image:height\" content=\"675\" \/>\n\t<meta property=\"og:image:type\" content=\"image\/png\" \/>\n<meta name=\"twitter:card\" content=\"summary_large_image\" \/>\n<script type=\"application\/ld+json\" class=\"yoast-schema-graph\">{\"@context\":\"https:\/\/schema.org\",\"@graph\":[{\"@type\":\"WebPage\",\"@id\":\"https:\/\/kamienica25.pl\/footer\/\",\"url\":\"https:\/\/kamienica25.pl\/footer\/\",\"name\":\"Footer - Kamienica 25\",\"isPartOf\":{\"@id\":\"https:\/\/kamienica25.pl\/#website\"},\"datePublished\":\"2023-10-09T11:19:43+00:00\",\"dateModified\":\"2024-11-13T09:08:51+00:00\",\"breadcrumb\":{\"@id\":\"https:\/\/kamienica25.pl\/footer\/#breadcrumb\"},\"inLanguage\":\"en-US\",\"potentialAction\":[{\"@type\":\"ReadAction\",\"target\":[\"https:\/\/kamienica25.pl\/footer\/\"]}]},{\"@type\":\"BreadcrumbList\",\"@id\":\"https:\/\/kamienica25.pl\/footer\/#breadcrumb\",\"itemListElement\":[{\"@type\":\"ListItem\",\"position\":1,\"name\":\"Home\",\"item\":\"https:\/\/kamienica25.pl\/\"},{\"@type\":\"ListItem\",\"position\":2,\"name\":\"Footer\"}]},{\"@type\":\"WebSite\",\"@id\":\"https:\/\/kamienica25.pl\/#website\",\"url\":\"https:\/\/kamienica25.pl\/\",\"name\":\"Kamienica 25\",\"description\":\"Pi\u0119tro kamienicy na wy\u0142\u0105czno\u015b\u0107\",\"potentialAction\":[{\"@type\":\"SearchAction\",\"target\":{\"@type\":\"EntryPoint\",\"urlTemplate\":\"https:\/\/kamienica25.pl\/?s={search_term_string}\"},\"query-input\":{\"@type\":\"PropertyValueSpecification\",\"valueRequired\":true,\"valueName\":\"search_term_string\"}}],\"inLanguage\":\"en-US\"}]}<\/script>\n<!-- \/ Yoast SEO plugin. -->","yoast_head_json":{"title":"Footer - Kamienica 25","robots":{"index":"index","follow":"follow","max-snippet":"max-snippet:-1","max-image-preview":"max-image-preview:large","max-video-preview":"max-video-preview:-1"},"canonical":"https:\/\/kamienica25.pl\/en\/footer\/","og_locale":"en_US","og_type":"article","og_title":"Footer - Kamienica 25","og_url":"https:\/\/kamienica25.pl\/en\/footer\/","og_site_name":"Kamienica 25","article_modified_time":"2024-11-13T09:08:51+00:00","og_image":[{"width":1200,"height":675,"url":"https:\/\/kamienica25.pl\/wp-content\/uploads\/2023\/10\/ogg.png","type":"image\/png"}],"twitter_card":"summary_large_image","schema":{"@context":"https:\/\/schema.org","@graph":[{"@type":"WebPage","@id":"https:\/\/kamienica25.pl\/footer\/","url":"https:\/\/kamienica25.pl\/footer\/","name":"Footer - Kamienica 25","isPartOf":{"@id":"https:\/\/kamienica25.pl\/#website"},"datePublished":"2023-10-09T11:19:43+00:00","dateModified":"2024-11-13T09:08:51+00:00","breadcrumb":{"@id":"https:\/\/kamienica25.pl\/footer\/#breadcrumb"},"inLanguage":"en-US","potentialAction":[{"@type":"ReadAction","target":["https:\/\/kamienica25.pl\/footer\/"]}]},{"@type":"BreadcrumbList","@id":"https:\/\/kamienica25.pl\/footer\/#breadcrumb","itemListElement":[{"@type":"ListItem","position":1,"name":"Home","item":"https:\/\/kamienica25.pl\/"},{"@type":"ListItem","position":2,"name":"Footer"}]},{"@type":"WebSite","@id":"https:\/\/kamienica25.pl\/#website","url":"https:\/\/kamienica25.pl\/","name":"Kamienica 25","description":"One apartment per floor \u2013 exclusively for you","potentialAction":[{"@type":"SearchAction","target":{"@type":"EntryPoint","urlTemplate":"https:\/\/kamienica25.pl\/?s={search_term_string}"},"query-input":{"@type":"PropertyValueSpecification","valueRequired":true,"valueName":"search_term_string"}}],"inLanguage":"en-US"}]}},"_links":{"self":[{"href":"https:\/\/kamienica25.pl\/en\/wp-json\/wp\/v2\/pages\/227","targetHints":{"allow":["GET"]}}],"collection":[{"href":"https:\/\/kamienica25.pl\/en\/wp-json\/wp\/v2\/pages"}],"about":[{"href":"https:\/\/kamienica25.pl\/en\/wp-json\/wp\/v2\/types\/page"}],"author":[{"embeddable":true,"href":"https:\/\/kamienica25.pl\/en\/wp-json\/wp\/v2\/users\/6"}],"replies":[{"embeddable":true,"href":"https:\/\/kamienica25.pl\/en\/wp-json\/wp\/v2\/comments?post=227"}],"version-history":[{"count":18,"href":"https:\/\/kamienica25.pl\/en\/wp-json\/wp\/v2\/pages\/227\/revisions"}],"predecessor-version":[{"id":754,"href":"https:\/\/kamienica25.pl\/en\/wp-json\/wp\/v2\/pages\/227\/revisions\/754"}],"wp:attachment":[{"href":"https:\/\/kamienica25.pl\/en\/wp-json\/wp\/v2\/media?parent=227"}],"curies":[{"name":"wp","href":"https:\/\/api.w.org\/{rel}","templated":true}]}}