{"id":7,"date":"2023-07-25T16:43:44","date_gmt":"2023-07-25T14:43:44","guid":{"rendered":"https:\/\/kamienica25.pl\/?page_id=7"},"modified":"2025-02-20T12:01:25","modified_gmt":"2025-02-20T11:01:25","slug":"strona-glowna","status":"publish","type":"page","link":"https:\/\/kamienica25.pl\/en\/","title":{"rendered":"Strona g\u0142\u00f3wna"},"content":{"rendered":"<div class=\"hero section\">\n    <div class=\"hero__inner\">\n                    <img loading=\"lazy\" decoding=\"async\" width=\"972\" height=\"1368\" src=\"https:\/\/kamienica25.pl\/wp-content\/uploads\/2023\/11\/HEADER-MOBILE-02.11.jpg\" class=\"hero__image hero__image-mobile\" alt=\"\" srcset=\"https:\/\/kamienica25.pl\/wp-content\/uploads\/2023\/11\/HEADER-MOBILE-02.11.jpg 972w, https:\/\/kamienica25.pl\/wp-content\/uploads\/2023\/11\/HEADER-MOBILE-02.11-213x300.jpg 213w, https:\/\/kamienica25.pl\/wp-content\/uploads\/2023\/11\/HEADER-MOBILE-02.11-728x1024.jpg 728w, https:\/\/kamienica25.pl\/wp-content\/uploads\/2023\/11\/HEADER-MOBILE-02.11-768x1081.jpg 768w, https:\/\/kamienica25.pl\/wp-content\/uploads\/2023\/11\/HEADER-MOBILE-02.11-9x12.jpg 9w\" sizes=\"auto, (max-width: 972px) 100vw, 972px\" \/>                <img loading=\"lazy\" decoding=\"async\" width=\"1200\" height=\"1002\" src=\"https:\/\/kamienica25.pl\/wp-content\/uploads\/2023\/11\/HEADER-DESKTOP-02.11.jpg\" class=\"hero__image hero__image-desktop\" alt=\"\" srcset=\"https:\/\/kamienica25.pl\/wp-content\/uploads\/2023\/11\/HEADER-DESKTOP-02.11.jpg 1200w, https:\/\/kamienica25.pl\/wp-content\/uploads\/2023\/11\/HEADER-DESKTOP-02.11-300x251.jpg 300w, https:\/\/kamienica25.pl\/wp-content\/uploads\/2023\/11\/HEADER-DESKTOP-02.11-1024x855.jpg 1024w, https:\/\/kamienica25.pl\/wp-content\/uploads\/2023\/11\/HEADER-DESKTOP-02.11-768x641.jpg 768w, https:\/\/kamienica25.pl\/wp-content\/uploads\/2023\/11\/HEADER-DESKTOP-02.11-14x12.jpg 14w\" sizes=\"auto, (max-width: 1200px) 100vw, 1200px\" \/>\n        <div class=\"hero__logo\">\n            <video id=\"js-hero-logo\" autoplay muted playsinline>\n\t\t\t <!--<source src=\"https:\/\/kamienica25.pl\/wp-content\/themes\/kamienica\/assets\/video\/logo-full.webm\" type=\"video\/webm\">-->\n\n<source src=\"\/wp-content\/uploads\/2023\/08\/kamienica_25-hevc-safari.mp4\" type='video\/mp4; codecs=\"hvc1\"'>\n\t<source src=\"\/wp-content\/uploads\/2023\/08\/kamienica_25-vp9-chrome.webm\" type=\"video\/webm\">\n            <\/video>\n        <\/div>\n    <\/div>\n    <a class=\"hero__go-next\" href=\"#go-next\">\n        <svg width=\"48\" height=\"121\" viewbox=\"0 0 48 121\" fill=\"none\" xmlns=\"http:\/\/www.w3.org\/2000\/svg\">\n            <path data-start=\"0\" data-duration=\"10\" d=\"M23.5 119.5L47.0684 95.9656M23.5 119.5L0.5 96M23.5 119.5L23.5 74.5M23.5 -1.77936e-06L23.5 60.5\" stroke=\"#F8F8F8\"\/>\n            <path d=\"M13 40.5H17\" stroke=\"#F8F8F8\"\/>\n            <path d=\"M30.0762 40.5H34.0762\" stroke=\"#F8F8F8\"\/>\n            <path d=\"M23.5 33.9231L23.5 31\" stroke=\"#F8F8F8\"\/>\n            <path d=\"M23.5 50L23.5 47.0769\" stroke=\"#F8F8F8\"\/>\n            <circle cx=\"23.4991\" cy=\"40.5\" r=\"6.80769\" fill=\"#F8F8F8\" stroke=\"#F8F8F8\"\/>\n            <path d=\"M13 67.5L17.0198 67.498\" stroke=\"#F8F8F8\"\/>\n            <path d=\"M30.0762 67.5H34.0762\" stroke=\"#F8F8F8\"\/>\n            <path d=\"M23.5 60.9231L23.5 58\" stroke=\"#F8F8F8\"\/>\n            <path d=\"M23.5 77L23.5 74.0769\" stroke=\"#F8F8F8\"\/>\n            <circle cx=\"23.4991\" cy=\"67.5\" r=\"6.80769\" stroke=\"#F8F8F8\"\/>\n        <\/svg>\n    <\/a>\n<\/div>\n\n\n    <div class=\"block-menu section\">\n    <div class=\"mid-section\">\n        <div class=\"mid-section__inner\">\n            <video id=\"js-mid-section\" autoplay muted playsinline>\n\t\t\t\t<source src=\"\/wp-content\/uploads\/2023\/08\/sygnet_1-hevc-safari.mp4\" type='video\/mp4; codecs=\"hvc1\"'>\n<source src=\"\/wp-content\/uploads\/2023\/08\/sygnet_1-vp9-chrome.webm\" type=\"video\/webm\">\n            <\/video>\n        <\/div>\n    <\/div>\n        <div class=\"block-menu__inner\">\n\n\n                            <div class=\"block-menu__image\" data-image=\"image-0\">\n                    <img decoding=\"async\" src=\"https:\/\/kamienica25.pl\/wp-content\/uploads\/2023\/11\/UNIKATOWA-02.11-scaled.jpg\" alt=\"POZNAJ KAMIENIC\u0118 25\" \/>\n                <\/div>\n                            <div class=\"block-menu__image\" data-image=\"image-1\">\n                    <img decoding=\"async\" src=\"https:\/\/kamienica25.pl\/wp-content\/uploads\/2023\/07\/TAL1979_-1.jpg\" alt=\"KONCEPCJA ARAN\u017bACJI\" \/>\n                <\/div>\n                            <div class=\"block-menu__image\" data-image=\"image-2\">\n                    <img decoding=\"async\" src=\"https:\/\/kamienica25.pl\/wp-content\/uploads\/2023\/11\/GOTOWA-02.11-scaled.jpg\" alt=\"ZOBACZ WN\u0118TRZA\" \/>\n                <\/div>\n                            <div class=\"block-menu__image\" data-image=\"image-3\">\n                    <img decoding=\"async\" src=\"https:\/\/kamienica25.pl\/wp-content\/uploads\/2023\/11\/APARTAMENTY-02.11-scaled.jpg\" alt=\"DOST\u0118PNE APARTAMENTY I LOKALE\" \/>\n                <\/div>\n                        <div class=\"block-menu__content\">\n                <div class=\"block-menu__header\">\n\n                                    <ul data-no-translation class=\"lang-switcher\">\n                                                                                        <li>\n                                        <a class=\"\" href=\"https:\/\/kamienica25.pl\/en\/wp-json\/wp\/v2\/pages\/7\">\n                                            <span>pl                                            <\/span>\n                                        <\/a>\n                                    <\/li>\n                                                                <li>\n                                        <a class=\"active\" href=\"https:\/\/kamienica25.pl\/en\/wp-json\/wp\/v2\/pages\/7\">\n                                            <span>en                                            <\/span>\n                                        <\/a>\n                                    <\/li>\n                                                                        <\/ul>\n                <video id=\"js-sygnet\" class=\"sygnet\" autoplay muted playsinline>\n\t\t\t\t   \t\t<source src=\"\/wp-content\/uploads\/2023\/08\/sygnet_1-hevc-safari.mp4\" type='video\/mp4; codecs=\"hvc1\"'>\n<source src=\"\/wp-content\/uploads\/2023\/08\/sygnet_1-vp9-chrome.webm\" type=\"video\/webm\">\n                <\/video>\n\n\n                <\/div>\n                <div class=\"block-menu__menu\">\n                                            <a class=\"block-menu__link\" href=\"https:\/\/kamienica25.pl\/en\/architektura\/\" data-image=\"image-0\">\n                            <div class=\"block-menu__arrow\">\n                                <svg width=\"120\" height=\"48\" viewbox=\"0 0 120 48\" fill=\"none\" xmlns=\"http:\/\/www.w3.org\/2000\/svg\">\n                                    <path d=\"M119 24.0343L0 24.0342\" stroke=\"#F8F8F8\"\/>\n                                    <path d=\"M95.9648 1L118.999 24.0344L95.9648 47.0688\" stroke=\"#F8F8F8\"\/>\n                                <\/svg>\n                            <\/div>\n\n                            ABOUT KAMIENICA 25                        <\/a>\n                                            <a class=\"block-menu__link\" href=\"https:\/\/kamienica25.pl\/en\/sztuka\/\" data-image=\"image-1\">\n                            <div class=\"block-menu__arrow\">\n                                <svg width=\"120\" height=\"48\" viewbox=\"0 0 120 48\" fill=\"none\" xmlns=\"http:\/\/www.w3.org\/2000\/svg\">\n                                    <path d=\"M119 24.0343L0 24.0342\" stroke=\"#F8F8F8\"\/>\n                                    <path d=\"M95.9648 1L118.999 24.0344L95.9648 47.0688\" stroke=\"#F8F8F8\"\/>\n                                <\/svg>\n                            <\/div>\n\n                            DESIGN CONCEPT                        <\/a>\n                                            <a class=\"block-menu__link\" href=\"https:\/\/kamienica25.pl\/en\/wnetrza\/\" data-image=\"image-2\">\n                            <div class=\"block-menu__arrow\">\n                                <svg width=\"120\" height=\"48\" viewbox=\"0 0 120 48\" fill=\"none\" xmlns=\"http:\/\/www.w3.org\/2000\/svg\">\n                                    <path d=\"M119 24.0343L0 24.0342\" stroke=\"#F8F8F8\"\/>\n                                    <path d=\"M95.9648 1L118.999 24.0344L95.9648 47.0688\" stroke=\"#F8F8F8\"\/>\n                                <\/svg>\n                            <\/div>\n\n                            SEE INTERIORS                        <\/a>\n                                            <a class=\"block-menu__link\" href=\"https:\/\/kamienica25.pl\/en\/apartamenty\/\" data-image=\"image-3\">\n                            <div class=\"block-menu__arrow\">\n                                <svg width=\"120\" height=\"48\" viewbox=\"0 0 120 48\" fill=\"none\" xmlns=\"http:\/\/www.w3.org\/2000\/svg\">\n                                    <path d=\"M119 24.0343L0 24.0342\" stroke=\"#F8F8F8\"\/>\n                                    <path d=\"M95.9648 1L118.999 24.0344L95.9648 47.0688\" stroke=\"#F8F8F8\"\/>\n                                <\/svg>\n                            <\/div>\n\n                            AVAILABLE APARTMENTS &amp; PREMISES                        <\/a>\n                                        <a class=\"hero__go-next active\" href=\"#go-next\">\n                        <svg  width=\"48\" height=\"121\" viewbox=\"0 0 48 121\" fill=\"none\" xmlns=\"http:\/\/www.w3.org\/2000\/svg\">\n                            <path d=\"M23.5 119.5L47.0684 95.9656M23.5 119.5L0.5 96M23.5 119.5L23.5 74.5M23.5 -1.77936e-06L23.5 60.5\" stroke=\"#F8F8F8\"\/>\n                            <path d=\"M13 40.5H17\" stroke=\"#F8F8F8\"\/>\n                            <path d=\"M30.0762 40.5H34.0762\" stroke=\"#F8F8F8\"\/>\n                            <path d=\"M23.5 33.9229L23.5 30.9998\" stroke=\"#F8F8F8\"\/>\n                            <path d=\"M23.5 50L23.5 47.0769\" stroke=\"#F8F8F8\"\/>\n                            <circle cx=\"23.4991\" cy=\"40.5001\" r=\"6.80769\" fill=\"#F8F8F8\" stroke=\"#F8F8F8\"\/>\n                            <path d=\"M13 67.5L17.0198 67.498\" stroke=\"#F8F8F8\"\/>\n                            <path d=\"M30.0762 67.5H34.0762\" stroke=\"#F8F8F8\"\/>\n                            <path d=\"M23.5 60.9229L23.5 57.9998\" stroke=\"#F8F8F8\"\/>\n                            <path d=\"M23.5 77L23.5 74.0769\" stroke=\"#F8F8F8\"\/>\n                            <circle cx=\"23.4991\" cy=\"67.5001\" r=\"6.80769\" stroke=\"#F8F8F8\"\/>\n                        <\/svg>\n                    <\/a>\n                <\/div>\n            <\/div>\n        <\/div>\n    <\/div>\n\n\n<div class=\"block-contact section  active\">\n    <div class=\"block-contact__inner\">\n        <div class=\"block-contact__image\">\n            <img decoding=\"async\" src=\"https:\/\/kamienica25.pl\/wp-content\/uploads\/2023\/11\/KONTAKT-02.11-scaled.jpg\" alt=\"KONTAKT\" \/>\n        <\/div>\n        <div class=\"block-contact__caption\">\n            <div class=\"block-contant__header\">\n                <div class=\"header-flex-container\">\n                                        <ul data-no-translation class=\"lang-switcher\">\n                                                                                        <li>\n                                        <a class=\"\" href=\"https:\/\/kamienica25.pl\/en\/wp-json\/wp\/v2\/pages\/7\">\n                                            <span>pl                                            <\/span>\n                                        <\/a>\n                                    <\/li>\n                                                                <li>\n                                        <a class=\"active\" href=\"https:\/\/kamienica25.pl\/en\/wp-json\/wp\/v2\/pages\/7\">\n                                            <span>en                                            <\/span>\n                                        <\/a>\n                                    <\/li>\n                                                                        <\/ul>\n                    <video id=\"js-sygnet-2\" class=\"sygnet\" autoplay muted playsinline>\n                        <source src=\"\/wp-content\/uploads\/2023\/08\/sygnet-hevc-safari.mp4\" type=\"video\/mp4; codecs=&quot;hvc1&quot;\">\n                        <source src=\"\/wp-content\/uploads\/2023\/08\/sygnet-vp9-chrome.webm\" type=\"video\/webm\">\n                    <\/video>\n                <\/div>\n            <\/div>\n\n            <div class=\"block-contact__content-wrapper\">\n                <h2 class=\"block-contact__title\">\n                    CONTACT                <\/h2>\n                <div class=\"block-contact__text\">\n                    <p>There are many places where you can be<br \/>\nbut only one you want to return to<br \/>\n<a href=\"https:\/\/landing.kamienica25.pl\/en\/\" class=\"custom-button999\">CONTACT US<\/a><\/p>\n                <\/div>\n                <div class=\"block-contact__text-2\">\n                    <h2>Sales Office<\/h2>\n<p>Podwale\u00a063, 50-010\u00a0Wroc\u0142aw<br \/>\nGodziny otwarcia 8:30\u00a0\u2011\u00a016:30<br \/>\n<a href=\"mailto:biuro@9and7.com\">biuro@9and7.com<\/a><br \/>\n<a href=\"tel:797976999\">+48\u00a079\u00a079\u00a076\u00a0999<\/a><\/p>\n<h2><br class='desktop-break'><br class='desktop-break'>Kamienica 25 Investment<\/h2>\n<p>Zygmunta Krasi\u0144skiego\u00a025<br \/>\n50-415\u00a0Wroc\u0142aw<\/p>\n                    <div class=\"block-contact__link\">\n                        <a href=\"mailto:\"><\/a>\n                    <\/div>\n                    <div class=\"block-contact__link\">\n                        <a href=\"tel:\"><\/a>\n                    <\/div>\n                <\/div>\n            <\/div>\n        <\/div>\n    <\/div>\n    <div class=\"block-contact__bottom\">\n        <span>\n        @2023 KAMIENICA 25 &#8211; all rights reserved\n        <\/span>\n        <a href=\"https:\/\/kamienica25.pl\/wp-content\/uploads\/2023\/10\/Privacy-and-cookie-policy_eng.pdf\" target=\"_blank\">\n        Privacy policy\n        <\/a>\n        <span>\n        9AND7 Sp. z o.o. ul. Podwale 63, 50-010 Wroc\u0142aw\n        <\/span>\n        <span>\n        KRS: 0000703834\n        <\/span>\n        <span>\n        NIP: 8982238806\n        <\/span>\n        <a href=\"https:\/\/www.facebook.com\/KRASINSKIEGO25\" target=\"_blank\">\n        <svg width=\"16\" height=\"17\" viewbox=\"0 0 16 17\" fill=\"none\" xmlns=\"http:\/\/www.w3.org\/2000\/svg\">\n            <path d=\"M7.99987 16.0915C3.87614 16.0915 0.533203 12.7486 0.533203 8.62487C0.533203 4.50114 3.87614 1.1582 7.99987 1.1582C12.1236 1.1582 15.4665 4.50114 15.4665 8.62487C15.4665 12.7486 12.1236 16.0915 7.99987 16.0915ZM7.99987 16.0915V7.5582C7.99987 6.38 8.955 5.42487 10.1332 5.42487H10.6665M5.3332 9.69154H10.6665\" stroke=\"#F8F8F8\" stroke-width=\"0.5\"\/>\n        <\/svg>\n        <\/a>\n    <\/div>\n    <a href=\"#\" class=\"go-top\">\n        <svg width=\"48\" height=\"121\" viewbox=\"0 0 48 121\" fill=\"none\" xmlns=\"http:\/\/www.w3.org\/2000\/svg\">\n            <path d=\"M24.5684 1.5L1.00002 25.0344M24.5684 1.5L47.5684 25M24.5684 1.5L24.5684 121\" stroke=\"#F8F8F8\"\/>\n            <path d=\"M35.0684 80.5L31.0684 80.5\" stroke=\"#F8F8F8\"\/>\n            <path d=\"M17.9922 80.5L13.9922 80.5\" stroke=\"#F8F8F8\"\/>\n            <path d=\"M24.5684 87.0771L24.5684 90.0002\" stroke=\"#F8F8F8\"\/>\n            <path d=\"M24.5684 71L24.5684 73.9231\" stroke=\"#F8F8F8\"\/>\n            <circle cx=\"24.5693\" cy=\"80.4999\" r=\"6.80769\" transform=\"rotate(-180 24.5693 80.4999)\" fill=\"#F8F8F8\" stroke=\"#F8F8F8\"\/>\n            <path d=\"M35.0684 53.5L31.0486 53.502\" stroke=\"#F8F8F8\"\/>\n            <path d=\"M17.9922 53.5L13.9922 53.5\" stroke=\"#F8F8F8\"\/>\n            <path d=\"M24.5684 60.0771L24.5684 63.0002\" stroke=\"#F8F8F8\"\/>\n            <path d=\"M24.5684 44L24.5684 46.9231\" stroke=\"#F8F8F8\"\/>\n            <circle cx=\"24.5693\" cy=\"53.4999\" r=\"6.80769\" transform=\"rotate(-180 24.5693 53.4999)\" stroke=\"#F8F8F8\"\/>\n        <\/svg>\n    <\/a>\n<\/div>","protected":false},"excerpt":{"rendered":"","protected":false},"author":6,"featured_media":0,"parent":0,"menu_order":0,"comment_status":"closed","ping_status":"closed","template":"","meta":{"inline_featured_image":false,"footnotes":""},"class_list":["post-7","page","type-page","status-publish","hentry"],"acf":[],"yoast_head":"<!-- This site is optimized with the Yoast SEO plugin v25.5 - https:\/\/yoast.com\/wordpress\/plugins\/seo\/ -->\n<title>Kamienica 25 - Exclusive floor-through apartments<\/title>\n<meta name=\"description\" content=\"Luxury apartments and premises for sale or rent, with an area of up to 230 square meters, located in the heart of Wroclaw.\" \/>\n<meta name=\"robots\" content=\"index, follow, max-snippet:-1, max-image-preview:large, max-video-preview:-1\" \/>\n<link rel=\"canonical\" href=\"https:\/\/kamienica25.pl\/en\/\" \/>\n<meta property=\"og:locale\" content=\"en_US\" \/>\n<meta property=\"og:type\" content=\"article\" \/>\n<meta property=\"og:title\" content=\"Kamienica 25 - Exclusive floor-through apartments\" \/>\n<meta property=\"og:description\" content=\"Luxury apartments and premises for sale or rent, with an area of up to 230 square meters, located in the heart of Wroclaw.\" \/>\n<meta property=\"og:url\" content=\"https:\/\/kamienica25.pl\/en\/\" \/>\n<meta property=\"og:site_name\" content=\"Kamienica 25\" \/>\n<meta property=\"article:modified_time\" content=\"2025-02-20T11:01:25+00:00\" \/>\n<meta property=\"og:image\" content=\"https:\/\/kamienica25.pl\/wp-content\/uploads\/2023\/10\/ogg.png\" \/>\n\t<meta property=\"og:image:width\" content=\"1200\" \/>\n\t<meta property=\"og:image:height\" content=\"675\" \/>\n\t<meta property=\"og:image:type\" content=\"image\/png\" \/>\n<meta name=\"twitter:card\" content=\"summary_large_image\" \/>\n<script type=\"application\/ld+json\" class=\"yoast-schema-graph\">{\"@context\":\"https:\/\/schema.org\",\"@graph\":[{\"@type\":\"WebPage\",\"@id\":\"https:\/\/kamienica25.pl\/\",\"url\":\"https:\/\/kamienica25.pl\/\",\"name\":\"Kamienica 25 - Exclusive floor-through apartments\",\"isPartOf\":{\"@id\":\"https:\/\/kamienica25.pl\/#website\"},\"datePublished\":\"2023-07-25T14:43:44+00:00\",\"dateModified\":\"2025-02-20T11:01:25+00:00\",\"description\":\"Luxury apartments and premises for sale or rent, with an area of up to 230 square meters, located in the heart of Wroclaw.\",\"breadcrumb\":{\"@id\":\"https:\/\/kamienica25.pl\/#breadcrumb\"},\"inLanguage\":\"en-US\",\"potentialAction\":[{\"@type\":\"ReadAction\",\"target\":[\"https:\/\/kamienica25.pl\/\"]}]},{\"@type\":\"BreadcrumbList\",\"@id\":\"https:\/\/kamienica25.pl\/#breadcrumb\",\"itemListElement\":[{\"@type\":\"ListItem\",\"position\":1,\"name\":\"Home\",\"item\":\"https:\/\/kamienica25.pl\/\"},{\"@type\":\"ListItem\",\"position\":2,\"name\":\"Strona g\u0142\u00f3wna\"}]},{\"@type\":\"WebSite\",\"@id\":\"https:\/\/kamienica25.pl\/#website\",\"url\":\"https:\/\/kamienica25.pl\/\",\"name\":\"Kamienica 25\",\"description\":\"Pi\u0119tro kamienicy na wy\u0142\u0105czno\u015b\u0107\",\"potentialAction\":[{\"@type\":\"SearchAction\",\"target\":{\"@type\":\"EntryPoint\",\"urlTemplate\":\"https:\/\/kamienica25.pl\/?s={search_term_string}\"},\"query-input\":{\"@type\":\"PropertyValueSpecification\",\"valueRequired\":true,\"valueName\":\"search_term_string\"}}],\"inLanguage\":\"en-US\"}]}<\/script>\n<!-- \/ Yoast SEO plugin. -->","yoast_head_json":{"title":"Kamienica 25 - Exclusive floor-through apartments","description":"Luxury apartments and premises for sale or rent, with an area of up to 230 square meters, located in the heart of Wroclaw.","robots":{"index":"index","follow":"follow","max-snippet":"max-snippet:-1","max-image-preview":"max-image-preview:large","max-video-preview":"max-video-preview:-1"},"canonical":"https:\/\/kamienica25.pl\/en\/","og_locale":"en_US","og_type":"article","og_title":"Kamienica 25 - Exclusive floor-through apartments","og_description":"Luxury apartments and premises for sale or rent, with an area of up to 230 square meters, located in the heart of Wroclaw.","og_url":"https:\/\/kamienica25.pl\/en\/","og_site_name":"Kamienica 25","article_modified_time":"2025-02-20T11:01:25+00:00","og_image":[{"width":1200,"height":675,"url":"https:\/\/kamienica25.pl\/wp-content\/uploads\/2023\/10\/ogg.png","type":"image\/png"}],"twitter_card":"summary_large_image","schema":{"@context":"https:\/\/schema.org","@graph":[{"@type":"WebPage","@id":"https:\/\/kamienica25.pl\/","url":"https:\/\/kamienica25.pl\/","name":"Kamienica 25 - Exclusive floor-through apartments","isPartOf":{"@id":"https:\/\/kamienica25.pl\/#website"},"datePublished":"2023-07-25T14:43:44+00:00","dateModified":"2025-02-20T11:01:25+00:00","description":"Luxury apartments and premises for sale or rent, with an area of up to 230 square meters, located in the heart of Wroclaw.","breadcrumb":{"@id":"https:\/\/kamienica25.pl\/#breadcrumb"},"inLanguage":"en-US","potentialAction":[{"@type":"ReadAction","target":["https:\/\/kamienica25.pl\/"]}]},{"@type":"BreadcrumbList","@id":"https:\/\/kamienica25.pl\/#breadcrumb","itemListElement":[{"@type":"ListItem","position":1,"name":"Home","item":"https:\/\/kamienica25.pl\/"},{"@type":"ListItem","position":2,"name":"Strona g\u0142\u00f3wna"}]},{"@type":"WebSite","@id":"https:\/\/kamienica25.pl\/#website","url":"https:\/\/kamienica25.pl\/","name":"Kamienica 25","description":"One apartment per floor \u2013 exclusively for you","potentialAction":[{"@type":"SearchAction","target":{"@type":"EntryPoint","urlTemplate":"https:\/\/kamienica25.pl\/?s={search_term_string}"},"query-input":{"@type":"PropertyValueSpecification","valueRequired":true,"valueName":"search_term_string"}}],"inLanguage":"en-US"}]}},"_links":{"self":[{"href":"https:\/\/kamienica25.pl\/en\/wp-json\/wp\/v2\/pages\/7","targetHints":{"allow":["GET"]}}],"collection":[{"href":"https:\/\/kamienica25.pl\/en\/wp-json\/wp\/v2\/pages"}],"about":[{"href":"https:\/\/kamienica25.pl\/en\/wp-json\/wp\/v2\/types\/page"}],"author":[{"embeddable":true,"href":"https:\/\/kamienica25.pl\/en\/wp-json\/wp\/v2\/users\/6"}],"replies":[{"embeddable":true,"href":"https:\/\/kamienica25.pl\/en\/wp-json\/wp\/v2\/comments?post=7"}],"version-history":[{"count":102,"href":"https:\/\/kamienica25.pl\/en\/wp-json\/wp\/v2\/pages\/7\/revisions"}],"predecessor-version":[{"id":824,"href":"https:\/\/kamienica25.pl\/en\/wp-json\/wp\/v2\/pages\/7\/revisions\/824"}],"wp:attachment":[{"href":"https:\/\/kamienica25.pl\/en\/wp-json\/wp\/v2\/media?parent=7"}],"curies":[{"name":"wp","href":"https:\/\/api.w.org\/{rel}","templated":true}]}}